{"id":214,"date":"2025-11-22T16:08:10","date_gmt":"2025-11-22T19:08:10","guid":{"rendered":"https:\/\/duasformigasdesign.com.br\/loja\/?post_type=product&#038;p=214"},"modified":"2026-02-10T17:21:16","modified_gmt":"2026-02-10T20:21:16","slug":"camiseta-oversized-off-white-odoya-rainha-do-mar","status":"publish","type":"product","link":"https:\/\/duasformigasdesign.com.br\/loja\/produto\/camiseta-oversized-off-white-odoya-rainha-do-mar\/","title":{"rendered":"Camiseta <span class=\"bold-word\">oversized<\/span> off-white &#8220;Odoy\u00e1, Rainha do Mar&#8221;"},"content":{"rendered":"","protected":false},"excerpt":{"rendered":"<p><strong>FORA DE ESTOQUE \ud83d\ude41<\/strong><\/p>\n<p>Estampa criada pelo est\u00fadio <a href=\"https:\/\/duasformigasdesign.com.br\/\" target=\"_blank\" rel=\"noopener\"><strong>Duas Formigas<\/strong><\/a> em homenagem a Iemanj\u00e1. Odoy\u00e1, Rainha do Mar! Azul profundo dos oceanos, calda de peixe, corpo de mulher. Uma representa\u00e7\u00e3o l\u00fadica e vintage inspirada no sincretismo da cultura popular brasileira.<\/p>\n<ul>\n<li style=\"font-weight: 400;\" aria-level=\"1\"><span style=\"font-weight: 400;\">Camiseta com modelagem ampla e quadrada com comprimento abaixo do quadril.<\/span><\/li>\n<li style=\"font-weight: 400;\" aria-level=\"1\"><span style=\"font-weight: 400;\">Feita em algod\u00e3o 100%.\u00a0<\/span><\/li>\n<li style=\"font-weight: 400;\" aria-level=\"1\"><span style=\"font-weight: 400;\">Macia, n\u00e3o encolhe.<\/span><\/li>\n<li style=\"font-weight: 400;\" aria-level=\"1\"><span style=\"font-weight: 400;\">A estampa \u00e9 serigrafia de alta qualidade.<\/span><\/li>\n<li>Pequena produ\u00e7\u00e3o. Ent\u00e3o, se voc\u00ea n\u00e3o encontrar sua numera\u00e7\u00e3o, se cadastre em nossa lista de espera e avisaremos quando sua numera\u00e7\u00e3o voltar ao estoque.<\/li>\n<\/ul>\n<p class=\"ver_tabela\"><a style=\"font-weight: bold;\" href=\"#tabela\">Confira aqui o guia de medidas antes de comprar!<\/a><\/p>\n<p>(A modelo da imagem veste tamanho P)<\/p>\n","protected":false},"featured_media":304,"comment_status":"closed","ping_status":"closed","template":"","meta":{"_kad_post_transparent":"default","_kad_post_title":"","_kad_post_layout":"default","_kad_post_sidebar_id":"","_kad_post_content_style":"default","_kad_post_vertical_padding":"default","_kad_post_feature":"","_kad_post_feature_position":"","_kad_post_header":false,"_kad_post_footer":false,"_kad_post_classname":""},"product_brand":[],"product_cat":[15],"product_tag":[],"class_list":{"0":"post-214","1":"product","2":"type-product","3":"status-publish","4":"has-post-thumbnail","6":"product_cat-sem-categoria","8":"first","9":"outofstock","10":"shipping-taxable","11":"purchasable","12":"product-type-variable","13":"entry","14":"content-bg","15":"loop-entry"},"yoast_head":"<!-- This site is optimized with the Yoast SEO plugin v27.4 - https:\/\/yoast.com\/product\/yoast-seo-wordpress\/ -->\n<title>Camiseta oversized off-white &quot;Odoy\u00e1, Rainha do Mar&quot; - Duas Formigas Design<\/title>\n<meta name=\"description\" content=\"Camiseta oversized off-white 100% algod\u00e3o Odoy\u00e1, Rainha do mar \u00e9 uma homenagem a Iemanj\u00e1. Estampa em serigrafia de alta qualidade. Tiragem limitada.\" \/>\n<meta name=\"robots\" content=\"index, follow, max-snippet:-1, max-image-preview:large, max-video-preview:-1\" \/>\n<link rel=\"canonical\" href=\"https:\/\/duasformigasdesign.com.br\/loja\/produto\/camiseta-oversized-off-white-odoya-rainha-do-mar\/\" \/>\n<meta property=\"og:locale\" content=\"pt_BR\" \/>\n<meta property=\"og:type\" content=\"article\" \/>\n<meta property=\"og:title\" content=\"Camiseta oversized off-white &quot;Odoy\u00e1, Rainha do Mar&quot; - Duas Formigas Design\" \/>\n<meta property=\"og:description\" content=\"Camiseta oversized off-white 100% algod\u00e3o Odoy\u00e1, Rainha do mar \u00e9 uma homenagem a Iemanj\u00e1. Estampa em serigrafia de alta qualidade. Tiragem limitada.\" \/>\n<meta property=\"og:url\" content=\"https:\/\/duasformigasdesign.com.br\/loja\/produto\/camiseta-oversized-off-white-odoya-rainha-do-mar\/\" \/>\n<meta property=\"og:site_name\" content=\"Duas Formigas Design\" \/>\n<meta property=\"article:publisher\" content=\"https:\/\/www.facebook.com\/duasformigas\" \/>\n<meta property=\"article:modified_time\" content=\"2026-02-10T20:21:16+00:00\" \/>\n<meta property=\"og:image\" content=\"https:\/\/duasformigasdesign.com.br\/loja\/wp-content\/uploads\/2025\/11\/over_002.webp\" \/>\n\t<meta property=\"og:image:width\" content=\"1080\" \/>\n\t<meta property=\"og:image:height\" content=\"1512\" \/>\n\t<meta property=\"og:image:type\" content=\"image\/webp\" \/>\n<meta name=\"twitter:label1\" content=\"Est. tempo de leitura\" \/>\n\t<meta name=\"twitter:data1\" content=\"1 minuto\" \/>\n<script type=\"application\/ld+json\" class=\"yoast-schema-graph\">{\"@context\":\"https:\\\/\\\/schema.org\",\"@graph\":[{\"@type\":\"WebPage\",\"@id\":\"https:\\\/\\\/duasformigasdesign.com.br\\\/loja\\\/produto\\\/camiseta-oversized-off-white-odoya-rainha-do-mar\\\/\",\"url\":\"https:\\\/\\\/duasformigasdesign.com.br\\\/loja\\\/produto\\\/camiseta-oversized-off-white-odoya-rainha-do-mar\\\/\",\"name\":\"Camiseta oversized off-white \\\"Odoy\u00e1, Rainha do Mar\\\" - Duas Formigas Design\",\"isPartOf\":{\"@id\":\"https:\\\/\\\/duasformigasdesign.com.br\\\/loja\\\/#website\"},\"primaryImageOfPage\":{\"@id\":\"https:\\\/\\\/duasformigasdesign.com.br\\\/loja\\\/produto\\\/camiseta-oversized-off-white-odoya-rainha-do-mar\\\/#primaryimage\"},\"image\":{\"@id\":\"https:\\\/\\\/duasformigasdesign.com.br\\\/loja\\\/produto\\\/camiseta-oversized-off-white-odoya-rainha-do-mar\\\/#primaryimage\"},\"thumbnailUrl\":\"https:\\\/\\\/duasformigasdesign.com.br\\\/loja\\\/wp-content\\\/uploads\\\/2025\\\/11\\\/over_002.webp\",\"datePublished\":\"2025-11-22T19:08:10+00:00\",\"dateModified\":\"2026-02-10T20:21:16+00:00\",\"description\":\"Camiseta oversized off-white 100% algod\u00e3o Odoy\u00e1, Rainha do mar \u00e9 uma homenagem a Iemanj\u00e1. Estampa em serigrafia de alta qualidade. Tiragem limitada.\",\"breadcrumb\":{\"@id\":\"https:\\\/\\\/duasformigasdesign.com.br\\\/loja\\\/produto\\\/camiseta-oversized-off-white-odoya-rainha-do-mar\\\/#breadcrumb\"},\"inLanguage\":\"pt-BR\",\"potentialAction\":[{\"@type\":\"ReadAction\",\"target\":[\"https:\\\/\\\/duasformigasdesign.com.br\\\/loja\\\/produto\\\/camiseta-oversized-off-white-odoya-rainha-do-mar\\\/\"]}]},{\"@type\":\"ImageObject\",\"inLanguage\":\"pt-BR\",\"@id\":\"https:\\\/\\\/duasformigasdesign.com.br\\\/loja\\\/produto\\\/camiseta-oversized-off-white-odoya-rainha-do-mar\\\/#primaryimage\",\"url\":\"https:\\\/\\\/duasformigasdesign.com.br\\\/loja\\\/wp-content\\\/uploads\\\/2025\\\/11\\\/over_002.webp\",\"contentUrl\":\"https:\\\/\\\/duasformigasdesign.com.br\\\/loja\\\/wp-content\\\/uploads\\\/2025\\\/11\\\/over_002.webp\",\"width\":1080,\"height\":1512,\"caption\":\"Camiseta Oversized Odoy\u00e1, Rainha do mar - Duas Formigas Design\"},{\"@type\":\"BreadcrumbList\",\"@id\":\"https:\\\/\\\/duasformigasdesign.com.br\\\/loja\\\/produto\\\/camiseta-oversized-off-white-odoya-rainha-do-mar\\\/#breadcrumb\",\"itemListElement\":[{\"@type\":\"ListItem\",\"position\":1,\"name\":\"In\u00edcio\",\"item\":\"https:\\\/\\\/duasformigasdesign.com.br\\\/loja\\\/\"},{\"@type\":\"ListItem\",\"position\":2,\"name\":\"Loja\",\"item\":\"https:\\\/\\\/duasformigasdesign.com.br\\\/loja\\\/loja\\\/\"},{\"@type\":\"ListItem\",\"position\":3,\"name\":\"Camiseta oversized off-white &#8220;Odoy\u00e1, Rainha do Mar&#8221;\"}]},{\"@type\":\"WebSite\",\"@id\":\"https:\\\/\\\/duasformigasdesign.com.br\\\/loja\\\/#website\",\"url\":\"https:\\\/\\\/duasformigasdesign.com.br\\\/loja\\\/\",\"name\":\"Duas Formigas Design\",\"description\":\"Estampa criada pelo est\u00fadio Duas Formigas em homenagem a Iemanj\u00e1. Odoy\u00e1, rainha do mar! Azul profundo dos oceanos, calda de peixe, corpo de mulher. Uma representa\u00e7\u00e3o l\u00fadica e vintage inspirada no sincretismo da cultura popular brasileira\",\"publisher\":{\"@id\":\"https:\\\/\\\/duasformigasdesign.com.br\\\/loja\\\/#organization\"},\"alternateName\":\"Duas Formigas Design\",\"potentialAction\":[{\"@type\":\"SearchAction\",\"target\":{\"@type\":\"EntryPoint\",\"urlTemplate\":\"https:\\\/\\\/duasformigasdesign.com.br\\\/loja\\\/?s={search_term_string}\"},\"query-input\":{\"@type\":\"PropertyValueSpecification\",\"valueRequired\":true,\"valueName\":\"search_term_string\"}}],\"inLanguage\":\"pt-BR\"},{\"@type\":\"Organization\",\"@id\":\"https:\\\/\\\/duasformigasdesign.com.br\\\/loja\\\/#organization\",\"name\":\"Duas Formigas Design\",\"alternateName\":\"Duas Formigas Design\",\"url\":\"https:\\\/\\\/duasformigasdesign.com.br\\\/loja\\\/\",\"logo\":{\"@type\":\"ImageObject\",\"inLanguage\":\"pt-BR\",\"@id\":\"https:\\\/\\\/duasformigasdesign.com.br\\\/loja\\\/#\\\/schema\\\/logo\\\/image\\\/\",\"url\":\"https:\\\/\\\/duasformigasdesign.com.br\\\/loja\\\/wp-content\\\/uploads\\\/2025\\\/11\\\/logo_duas_formigas_2025_alt2.png\",\"contentUrl\":\"https:\\\/\\\/duasformigasdesign.com.br\\\/loja\\\/wp-content\\\/uploads\\\/2025\\\/11\\\/logo_duas_formigas_2025_alt2.png\",\"width\":1080,\"height\":157,\"caption\":\"Duas Formigas Design\"},\"image\":{\"@id\":\"https:\\\/\\\/duasformigasdesign.com.br\\\/loja\\\/#\\\/schema\\\/logo\\\/image\\\/\"},\"sameAs\":[\"https:\\\/\\\/www.facebook.com\\\/duasformigas\",\"https:\\\/\\\/www.instagram.com\\\/duas_formigas_design\"]}]}<\/script>\n<!-- \/ Yoast SEO plugin. -->","yoast_head_json":{"title":"Camiseta oversized off-white \"Odoy\u00e1, Rainha do Mar\" - Duas Formigas Design","description":"Camiseta oversized off-white 100% algod\u00e3o Odoy\u00e1, Rainha do mar \u00e9 uma homenagem a Iemanj\u00e1. Estampa em serigrafia de alta qualidade. Tiragem limitada.","robots":{"index":"index","follow":"follow","max-snippet":"max-snippet:-1","max-image-preview":"max-image-preview:large","max-video-preview":"max-video-preview:-1"},"canonical":"https:\/\/duasformigasdesign.com.br\/loja\/produto\/camiseta-oversized-off-white-odoya-rainha-do-mar\/","og_locale":"pt_BR","og_type":"article","og_title":"Camiseta oversized off-white \"Odoy\u00e1, Rainha do Mar\" - Duas Formigas Design","og_description":"Camiseta oversized off-white 100% algod\u00e3o Odoy\u00e1, Rainha do mar \u00e9 uma homenagem a Iemanj\u00e1. Estampa em serigrafia de alta qualidade. Tiragem limitada.","og_url":"https:\/\/duasformigasdesign.com.br\/loja\/produto\/camiseta-oversized-off-white-odoya-rainha-do-mar\/","og_site_name":"Duas Formigas Design","article_publisher":"https:\/\/www.facebook.com\/duasformigas","article_modified_time":"2026-02-10T20:21:16+00:00","og_image":[{"width":1080,"height":1512,"url":"https:\/\/duasformigasdesign.com.br\/loja\/wp-content\/uploads\/2025\/11\/over_002.webp","type":"image\/webp"}],"twitter_misc":{"Est. tempo de leitura":"1 minuto"},"schema":{"@context":"https:\/\/schema.org","@graph":[{"@type":"WebPage","@id":"https:\/\/duasformigasdesign.com.br\/loja\/produto\/camiseta-oversized-off-white-odoya-rainha-do-mar\/","url":"https:\/\/duasformigasdesign.com.br\/loja\/produto\/camiseta-oversized-off-white-odoya-rainha-do-mar\/","name":"Camiseta oversized off-white \"Odoy\u00e1, Rainha do Mar\" - Duas Formigas Design","isPartOf":{"@id":"https:\/\/duasformigasdesign.com.br\/loja\/#website"},"primaryImageOfPage":{"@id":"https:\/\/duasformigasdesign.com.br\/loja\/produto\/camiseta-oversized-off-white-odoya-rainha-do-mar\/#primaryimage"},"image":{"@id":"https:\/\/duasformigasdesign.com.br\/loja\/produto\/camiseta-oversized-off-white-odoya-rainha-do-mar\/#primaryimage"},"thumbnailUrl":"https:\/\/duasformigasdesign.com.br\/loja\/wp-content\/uploads\/2025\/11\/over_002.webp","datePublished":"2025-11-22T19:08:10+00:00","dateModified":"2026-02-10T20:21:16+00:00","description":"Camiseta oversized off-white 100% algod\u00e3o Odoy\u00e1, Rainha do mar \u00e9 uma homenagem a Iemanj\u00e1. Estampa em serigrafia de alta qualidade. Tiragem limitada.","breadcrumb":{"@id":"https:\/\/duasformigasdesign.com.br\/loja\/produto\/camiseta-oversized-off-white-odoya-rainha-do-mar\/#breadcrumb"},"inLanguage":"pt-BR","potentialAction":[{"@type":"ReadAction","target":["https:\/\/duasformigasdesign.com.br\/loja\/produto\/camiseta-oversized-off-white-odoya-rainha-do-mar\/"]}]},{"@type":"ImageObject","inLanguage":"pt-BR","@id":"https:\/\/duasformigasdesign.com.br\/loja\/produto\/camiseta-oversized-off-white-odoya-rainha-do-mar\/#primaryimage","url":"https:\/\/duasformigasdesign.com.br\/loja\/wp-content\/uploads\/2025\/11\/over_002.webp","contentUrl":"https:\/\/duasformigasdesign.com.br\/loja\/wp-content\/uploads\/2025\/11\/over_002.webp","width":1080,"height":1512,"caption":"Camiseta Oversized Odoy\u00e1, Rainha do mar - Duas Formigas Design"},{"@type":"BreadcrumbList","@id":"https:\/\/duasformigasdesign.com.br\/loja\/produto\/camiseta-oversized-off-white-odoya-rainha-do-mar\/#breadcrumb","itemListElement":[{"@type":"ListItem","position":1,"name":"In\u00edcio","item":"https:\/\/duasformigasdesign.com.br\/loja\/"},{"@type":"ListItem","position":2,"name":"Loja","item":"https:\/\/duasformigasdesign.com.br\/loja\/loja\/"},{"@type":"ListItem","position":3,"name":"Camiseta oversized off-white &#8220;Odoy\u00e1, Rainha do Mar&#8221;"}]},{"@type":"WebSite","@id":"https:\/\/duasformigasdesign.com.br\/loja\/#website","url":"https:\/\/duasformigasdesign.com.br\/loja\/","name":"Duas Formigas Design","description":"Estampa criada pelo est\u00fadio Duas Formigas em homenagem a Iemanj\u00e1. Odoy\u00e1, rainha do mar! Azul profundo dos oceanos, calda de peixe, corpo de mulher. Uma representa\u00e7\u00e3o l\u00fadica e vintage inspirada no sincretismo da cultura popular brasileira","publisher":{"@id":"https:\/\/duasformigasdesign.com.br\/loja\/#organization"},"alternateName":"Duas Formigas Design","potentialAction":[{"@type":"SearchAction","target":{"@type":"EntryPoint","urlTemplate":"https:\/\/duasformigasdesign.com.br\/loja\/?s={search_term_string}"},"query-input":{"@type":"PropertyValueSpecification","valueRequired":true,"valueName":"search_term_string"}}],"inLanguage":"pt-BR"},{"@type":"Organization","@id":"https:\/\/duasformigasdesign.com.br\/loja\/#organization","name":"Duas Formigas Design","alternateName":"Duas Formigas Design","url":"https:\/\/duasformigasdesign.com.br\/loja\/","logo":{"@type":"ImageObject","inLanguage":"pt-BR","@id":"https:\/\/duasformigasdesign.com.br\/loja\/#\/schema\/logo\/image\/","url":"https:\/\/duasformigasdesign.com.br\/loja\/wp-content\/uploads\/2025\/11\/logo_duas_formigas_2025_alt2.png","contentUrl":"https:\/\/duasformigasdesign.com.br\/loja\/wp-content\/uploads\/2025\/11\/logo_duas_formigas_2025_alt2.png","width":1080,"height":157,"caption":"Duas Formigas Design"},"image":{"@id":"https:\/\/duasformigasdesign.com.br\/loja\/#\/schema\/logo\/image\/"},"sameAs":["https:\/\/www.facebook.com\/duasformigas","https:\/\/www.instagram.com\/duas_formigas_design"]}]}},"_links":{"self":[{"href":"https:\/\/duasformigasdesign.com.br\/loja\/wp-json\/wp\/v2\/product\/214","targetHints":{"allow":["GET"]}}],"collection":[{"href":"https:\/\/duasformigasdesign.com.br\/loja\/wp-json\/wp\/v2\/product"}],"about":[{"href":"https:\/\/duasformigasdesign.com.br\/loja\/wp-json\/wp\/v2\/types\/product"}],"replies":[{"embeddable":true,"href":"https:\/\/duasformigasdesign.com.br\/loja\/wp-json\/wp\/v2\/comments?post=214"}],"wp:featuredmedia":[{"embeddable":true,"href":"https:\/\/duasformigasdesign.com.br\/loja\/wp-json\/wp\/v2\/media\/304"}],"wp:attachment":[{"href":"https:\/\/duasformigasdesign.com.br\/loja\/wp-json\/wp\/v2\/media?parent=214"}],"wp:term":[{"taxonomy":"product_brand","embeddable":true,"href":"https:\/\/duasformigasdesign.com.br\/loja\/wp-json\/wp\/v2\/product_brand?post=214"},{"taxonomy":"product_cat","embeddable":true,"href":"https:\/\/duasformigasdesign.com.br\/loja\/wp-json\/wp\/v2\/product_cat?post=214"},{"taxonomy":"product_tag","embeddable":true,"href":"https:\/\/duasformigasdesign.com.br\/loja\/wp-json\/wp\/v2\/product_tag?post=214"}],"curies":[{"name":"wp","href":"https:\/\/api.w.org\/{rel}","templated":true}]}}