{"id":8,"date":"2025-11-24T13:50:05","date_gmt":"2025-11-24T16:50:05","guid":{"rendered":"https:\/\/duasformigasdesign.com.br\/loja\/carrinho\/"},"modified":"2025-11-25T16:30:11","modified_gmt":"2025-11-25T19:30:11","slug":"carrinho","status":"publish","type":"page","link":"https:\/\/duasformigasdesign.com.br\/loja\/carrinho\/","title":{"rendered":"Carrinho"},"content":{"rendered":"\n","protected":false},"excerpt":{"rendered":"","protected":false},"author":1,"featured_media":0,"parent":0,"menu_order":0,"comment_status":"closed","ping_status":"closed","template":"","meta":{"_kad_post_transparent":"","_kad_post_title":"show","_kad_post_layout":"","_kad_post_sidebar_id":"","_kad_post_content_style":"","_kad_post_vertical_padding":"","_kad_post_feature":"","_kad_post_feature_position":"","_kad_post_header":false,"_kad_post_footer":false,"_kad_post_classname":"","footnotes":""},"class_list":["post-8","page","type-page","status-publish","hentry"],"yoast_head":"<!-- This site is optimized with the Yoast SEO plugin v27.4 - https:\/\/yoast.com\/product\/yoast-seo-wordpress\/ -->\n<title>Carrinho - Duas Formigas Design<\/title>\n<meta name=\"robots\" content=\"index, follow, max-snippet:-1, max-image-preview:large, max-video-preview:-1\" \/>\n<link rel=\"canonical\" href=\"https:\/\/duasformigasdesign.com.br\/loja\/carrinho\/\" \/>\n<meta property=\"og:locale\" content=\"pt_BR\" \/>\n<meta property=\"og:type\" content=\"article\" \/>\n<meta property=\"og:title\" content=\"Carrinho - Duas Formigas Design\" \/>\n<meta property=\"og:url\" content=\"https:\/\/duasformigasdesign.com.br\/loja\/carrinho\/\" \/>\n<meta property=\"og:site_name\" content=\"Duas Formigas Design\" \/>\n<meta property=\"article:publisher\" content=\"https:\/\/www.facebook.com\/duasformigas\" \/>\n<meta property=\"article:modified_time\" content=\"2025-11-25T19:30:11+00:00\" \/>\n<meta property=\"og:image\" content=\"https:\/\/duasformigasdesign.com.br\/loja\/wp-content\/uploads\/2025\/12\/odoya_rainha_do_mar_df.jpg\" \/>\n\t<meta property=\"og:image:width\" content=\"1023\" \/>\n\t<meta property=\"og:image:height\" content=\"1280\" \/>\n\t<meta property=\"og:image:type\" content=\"image\/jpeg\" \/>\n<script type=\"application\/ld+json\" class=\"yoast-schema-graph\">{\"@context\":\"https:\\\/\\\/schema.org\",\"@graph\":[{\"@type\":\"WebPage\",\"@id\":\"https:\\\/\\\/duasformigasdesign.com.br\\\/loja\\\/carrinho\\\/\",\"url\":\"https:\\\/\\\/duasformigasdesign.com.br\\\/loja\\\/carrinho\\\/\",\"name\":\"Carrinho - Duas Formigas Design\",\"isPartOf\":{\"@id\":\"https:\\\/\\\/duasformigasdesign.com.br\\\/loja\\\/#website\"},\"datePublished\":\"2025-11-24T16:50:05+00:00\",\"dateModified\":\"2025-11-25T19:30:11+00:00\",\"breadcrumb\":{\"@id\":\"https:\\\/\\\/duasformigasdesign.com.br\\\/loja\\\/carrinho\\\/#breadcrumb\"},\"inLanguage\":\"pt-BR\",\"potentialAction\":[{\"@type\":\"ReadAction\",\"target\":[\"https:\\\/\\\/duasformigasdesign.com.br\\\/loja\\\/carrinho\\\/\"]}]},{\"@type\":\"BreadcrumbList\",\"@id\":\"https:\\\/\\\/duasformigasdesign.com.br\\\/loja\\\/carrinho\\\/#breadcrumb\",\"itemListElement\":[{\"@type\":\"ListItem\",\"position\":1,\"name\":\"In\u00edcio\",\"item\":\"https:\\\/\\\/duasformigasdesign.com.br\\\/loja\\\/\"},{\"@type\":\"ListItem\",\"position\":2,\"name\":\"Carrinho\"}]},{\"@type\":\"WebSite\",\"@id\":\"https:\\\/\\\/duasformigasdesign.com.br\\\/loja\\\/#website\",\"url\":\"https:\\\/\\\/duasformigasdesign.com.br\\\/loja\\\/\",\"name\":\"Duas Formigas Design\",\"description\":\"Estampa criada pelo est\u00fadio Duas Formigas em homenagem a Iemanj\u00e1. Odoy\u00e1, rainha do mar! Azul profundo dos oceanos, calda de peixe, corpo de mulher. Uma representa\u00e7\u00e3o l\u00fadica e vintage inspirada no sincretismo da cultura popular brasileira\",\"publisher\":{\"@id\":\"https:\\\/\\\/duasformigasdesign.com.br\\\/loja\\\/#organization\"},\"alternateName\":\"Duas Formigas Design\",\"potentialAction\":[{\"@type\":\"SearchAction\",\"target\":{\"@type\":\"EntryPoint\",\"urlTemplate\":\"https:\\\/\\\/duasformigasdesign.com.br\\\/loja\\\/?s={search_term_string}\"},\"query-input\":{\"@type\":\"PropertyValueSpecification\",\"valueRequired\":true,\"valueName\":\"search_term_string\"}}],\"inLanguage\":\"pt-BR\"},{\"@type\":\"Organization\",\"@id\":\"https:\\\/\\\/duasformigasdesign.com.br\\\/loja\\\/#organization\",\"name\":\"Duas Formigas Design\",\"alternateName\":\"Duas Formigas Design\",\"url\":\"https:\\\/\\\/duasformigasdesign.com.br\\\/loja\\\/\",\"logo\":{\"@type\":\"ImageObject\",\"inLanguage\":\"pt-BR\",\"@id\":\"https:\\\/\\\/duasformigasdesign.com.br\\\/loja\\\/#\\\/schema\\\/logo\\\/image\\\/\",\"url\":\"https:\\\/\\\/duasformigasdesign.com.br\\\/loja\\\/wp-content\\\/uploads\\\/2025\\\/11\\\/logo_duas_formigas_2025_alt2.png\",\"contentUrl\":\"https:\\\/\\\/duasformigasdesign.com.br\\\/loja\\\/wp-content\\\/uploads\\\/2025\\\/11\\\/logo_duas_formigas_2025_alt2.png\",\"width\":1080,\"height\":157,\"caption\":\"Duas Formigas Design\"},\"image\":{\"@id\":\"https:\\\/\\\/duasformigasdesign.com.br\\\/loja\\\/#\\\/schema\\\/logo\\\/image\\\/\"},\"sameAs\":[\"https:\\\/\\\/www.facebook.com\\\/duasformigas\",\"https:\\\/\\\/www.instagram.com\\\/duas_formigas_design\"]}]}<\/script>\n<!-- \/ Yoast SEO plugin. -->","yoast_head_json":{"title":"Carrinho - Duas Formigas Design","robots":{"index":"index","follow":"follow","max-snippet":"max-snippet:-1","max-image-preview":"max-image-preview:large","max-video-preview":"max-video-preview:-1"},"canonical":"https:\/\/duasformigasdesign.com.br\/loja\/carrinho\/","og_locale":"pt_BR","og_type":"article","og_title":"Carrinho - Duas Formigas Design","og_url":"https:\/\/duasformigasdesign.com.br\/loja\/carrinho\/","og_site_name":"Duas Formigas Design","article_publisher":"https:\/\/www.facebook.com\/duasformigas","article_modified_time":"2025-11-25T19:30:11+00:00","og_image":[{"width":1023,"height":1280,"url":"https:\/\/duasformigasdesign.com.br\/loja\/wp-content\/uploads\/2025\/12\/odoya_rainha_do_mar_df.jpg","type":"image\/jpeg"}],"schema":{"@context":"https:\/\/schema.org","@graph":[{"@type":"WebPage","@id":"https:\/\/duasformigasdesign.com.br\/loja\/carrinho\/","url":"https:\/\/duasformigasdesign.com.br\/loja\/carrinho\/","name":"Carrinho - Duas Formigas Design","isPartOf":{"@id":"https:\/\/duasformigasdesign.com.br\/loja\/#website"},"datePublished":"2025-11-24T16:50:05+00:00","dateModified":"2025-11-25T19:30:11+00:00","breadcrumb":{"@id":"https:\/\/duasformigasdesign.com.br\/loja\/carrinho\/#breadcrumb"},"inLanguage":"pt-BR","potentialAction":[{"@type":"ReadAction","target":["https:\/\/duasformigasdesign.com.br\/loja\/carrinho\/"]}]},{"@type":"BreadcrumbList","@id":"https:\/\/duasformigasdesign.com.br\/loja\/carrinho\/#breadcrumb","itemListElement":[{"@type":"ListItem","position":1,"name":"In\u00edcio","item":"https:\/\/duasformigasdesign.com.br\/loja\/"},{"@type":"ListItem","position":2,"name":"Carrinho"}]},{"@type":"WebSite","@id":"https:\/\/duasformigasdesign.com.br\/loja\/#website","url":"https:\/\/duasformigasdesign.com.br\/loja\/","name":"Duas Formigas Design","description":"Estampa criada pelo est\u00fadio Duas Formigas em homenagem a Iemanj\u00e1. Odoy\u00e1, rainha do mar! Azul profundo dos oceanos, calda de peixe, corpo de mulher. Uma representa\u00e7\u00e3o l\u00fadica e vintage inspirada no sincretismo da cultura popular brasileira","publisher":{"@id":"https:\/\/duasformigasdesign.com.br\/loja\/#organization"},"alternateName":"Duas Formigas Design","potentialAction":[{"@type":"SearchAction","target":{"@type":"EntryPoint","urlTemplate":"https:\/\/duasformigasdesign.com.br\/loja\/?s={search_term_string}"},"query-input":{"@type":"PropertyValueSpecification","valueRequired":true,"valueName":"search_term_string"}}],"inLanguage":"pt-BR"},{"@type":"Organization","@id":"https:\/\/duasformigasdesign.com.br\/loja\/#organization","name":"Duas Formigas Design","alternateName":"Duas Formigas Design","url":"https:\/\/duasformigasdesign.com.br\/loja\/","logo":{"@type":"ImageObject","inLanguage":"pt-BR","@id":"https:\/\/duasformigasdesign.com.br\/loja\/#\/schema\/logo\/image\/","url":"https:\/\/duasformigasdesign.com.br\/loja\/wp-content\/uploads\/2025\/11\/logo_duas_formigas_2025_alt2.png","contentUrl":"https:\/\/duasformigasdesign.com.br\/loja\/wp-content\/uploads\/2025\/11\/logo_duas_formigas_2025_alt2.png","width":1080,"height":157,"caption":"Duas Formigas Design"},"image":{"@id":"https:\/\/duasformigasdesign.com.br\/loja\/#\/schema\/logo\/image\/"},"sameAs":["https:\/\/www.facebook.com\/duasformigas","https:\/\/www.instagram.com\/duas_formigas_design"]}]}},"_links":{"self":[{"href":"https:\/\/duasformigasdesign.com.br\/loja\/wp-json\/wp\/v2\/pages\/8","targetHints":{"allow":["GET"]}}],"collection":[{"href":"https:\/\/duasformigasdesign.com.br\/loja\/wp-json\/wp\/v2\/pages"}],"about":[{"href":"https:\/\/duasformigasdesign.com.br\/loja\/wp-json\/wp\/v2\/types\/page"}],"author":[{"embeddable":true,"href":"https:\/\/duasformigasdesign.com.br\/loja\/wp-json\/wp\/v2\/users\/1"}],"replies":[{"embeddable":true,"href":"https:\/\/duasformigasdesign.com.br\/loja\/wp-json\/wp\/v2\/comments?post=8"}],"version-history":[{"count":3,"href":"https:\/\/duasformigasdesign.com.br\/loja\/wp-json\/wp\/v2\/pages\/8\/revisions"}],"predecessor-version":[{"id":232,"href":"https:\/\/duasformigasdesign.com.br\/loja\/wp-json\/wp\/v2\/pages\/8\/revisions\/232"}],"wp:attachment":[{"href":"https:\/\/duasformigasdesign.com.br\/loja\/wp-json\/wp\/v2\/media?parent=8"}],"curies":[{"name":"wp","href":"https:\/\/api.w.org\/{rel}","templated":true}]}}