{"id":3,"date":"2025-11-24T13:47:55","date_gmt":"2025-11-24T16:47:55","guid":{"rendered":"https:\/\/duasformigasdesign.com.br\/loja\/?page_id=3"},"modified":"2025-11-26T22:33:39","modified_gmt":"2025-11-27T01:33:39","slug":"politica-de-privacidade","status":"publish","type":"page","link":"https:\/\/duasformigasdesign.com.br\/loja\/politica-de-privacidade\/","title":{"rendered":"Pol\u00edtica de privacidade"},"content":{"rendered":"<style>.wp-block-kadence-spacer.kt-block-spacer-3_cc6153-27 .kt-block-spacer{height:24px;}.wp-block-kadence-spacer.kt-block-spacer-3_cc6153-27 .kt-divider{border-top-width:1px;height:1px;border-top-color:#eee;width:80%;border-top-style:solid;}@media all and (max-width: 1024px){.wp-block-kadence-spacer.kt-block-spacer-3_cc6153-27 .kt-block-spacer{height:20px!important;}}@media all and (max-width: 767px){.wp-block-kadence-spacer.kt-block-spacer-3_cc6153-27 .kt-block-spacer{height:10px!important;}}<\/style>\n<div class=\"wp-block-kadence-spacer aligncenter kt-block-spacer-3_cc6153-27\"><div class=\"kt-block-spacer kt-block-spacer-halign-center\"><\/div><\/div>\n\n\n<style>.wp-block-kadence-advancedheading.kt-adv-heading3_cc65d4-6b, .wp-block-kadence-advancedheading.kt-adv-heading3_cc65d4-6b[data-kb-block=\"kb-adv-heading3_cc65d4-6b\"]{font-weight:600;font-style:normal;font-family:'Open Sans';}.wp-block-kadence-advancedheading.kt-adv-heading3_cc65d4-6b mark.kt-highlight, .wp-block-kadence-advancedheading.kt-adv-heading3_cc65d4-6b[data-kb-block=\"kb-adv-heading3_cc65d4-6b\"] mark.kt-highlight{font-style:normal;color:#f76a0c;-webkit-box-decoration-break:clone;box-decoration-break:clone;padding-top:0px;padding-right:0px;padding-bottom:0px;padding-left:0px;}.wp-block-kadence-advancedheading.kt-adv-heading3_cc65d4-6b img.kb-inline-image, .wp-block-kadence-advancedheading.kt-adv-heading3_cc65d4-6b[data-kb-block=\"kb-adv-heading3_cc65d4-6b\"] img.kb-inline-image{width:150px;vertical-align:baseline;}<\/style>\n<p class=\"kt-adv-heading3_cc65d4-6b wp-block-kadence-advancedheading\" data-kb-block=\"kb-adv-heading3_cc65d4-6b\">PRIVACIDADE \u2013 MELHORA CONT\u00cdNUA E COLETA DE DADOS (COOKIES)\u200b<\/p>\n\n\n\n<p>Utilizamos cookies para melhorar o desempenho e a sua experi\u00eancia como utilizador no nosso site. Tra\u00e7amos o seu perfil para oferecer servi\u00e7os cada vez mais personalizados para voc\u00ea. No entanto, os cookies utilizados n\u00e3o recolhem informa\u00e7\u00f5es que identifiquem o usu\u00e1rio. Os cookies recolhem informa\u00e7\u00f5es gen\u00e9ricas, designadamente a forma como os usu\u00e1rios chegam e utilizam os sites ou a zona do pa\u00eds\/pa\u00edses atrav\u00e9s do qual acedem ao site, etc, e ret\u00eam somente&nbsp; informa\u00e7\u00f5es relacionadas \u00e0s suas prefer\u00eancias.<\/p>\n\n\n\n<p>A qualquer momento o usu\u00e1rio pode, atrav\u00e9s do seu navegador de internet (browser) decidir ser notificado sobre a recep\u00e7\u00e3o de cookies, bem como bloquear a respectiva entrada no seu sistema. A recusa de uso de cookies no site, pode resultar na impossibilidade de ter acesso a algumas das suas \u00e1reas ou de receber informa\u00e7\u00e3o personalizada.\u200b<\/p>\n\n\n<style>.wp-block-kadence-advancedheading.kt-adv-heading3_c2be9d-cb, .wp-block-kadence-advancedheading.kt-adv-heading3_c2be9d-cb[data-kb-block=\"kb-adv-heading3_c2be9d-cb\"]{font-weight:600;font-style:normal;font-family:'Open Sans';}.wp-block-kadence-advancedheading.kt-adv-heading3_c2be9d-cb mark.kt-highlight, .wp-block-kadence-advancedheading.kt-adv-heading3_c2be9d-cb[data-kb-block=\"kb-adv-heading3_c2be9d-cb\"] mark.kt-highlight{font-style:normal;color:#f76a0c;-webkit-box-decoration-break:clone;box-decoration-break:clone;padding-top:0px;padding-right:0px;padding-bottom:0px;padding-left:0px;}.wp-block-kadence-advancedheading.kt-adv-heading3_c2be9d-cb img.kb-inline-image, .wp-block-kadence-advancedheading.kt-adv-heading3_c2be9d-cb[data-kb-block=\"kb-adv-heading3_c2be9d-cb\"] img.kb-inline-image{width:150px;vertical-align:baseline;}<\/style>\n<p class=\"kt-adv-heading3_c2be9d-cb wp-block-kadence-advancedheading\" data-kb-block=\"kb-adv-heading3_c2be9d-cb\">CONFIDENCIALIDADE E SEGURAN\u00c7A\u200b<\/p>\n\n\n\n<p>Nosso compromisso com voc\u00ea \u00e9 zelar pela excel\u00eancia dos servi\u00e7os e principalmente com a seguran\u00e7a de seus dados cadastrais. Por isso, operamos usando tecnologias avan\u00e7adas e contamos com a compet\u00eancia de diversos profissionais que prezam pela seguran\u00e7a de todo o sistema, garantindo a voc\u00ea uma excelente experi\u00eancia de compra.<\/p>\n\n\n\n<p>Mais uma vez nos comprometemos com o usu\u00e1rio deste site a garantia de sigilo de todos os dados fornecidos. N\u00e3o fornecemos seu e-mail ou dados pessoais para terceiros, exceto em caso de condi\u00e7\u00e3o para algum processo relacionado a entregas, cobran\u00e7as ou participa\u00e7\u00e3o em promo\u00e7\u00f5es \u2013 e desde que isto seja solicitado por voc\u00ea, \u00e9 claro. Nestes casos, seus dados pessoais s\u00e3o fundamentais para que seu pedido chegue com assertividade e seguran\u00e7a no endere\u00e7o de entrega.<\/p>\n\n\n<style>.wp-block-kadence-advancedheading.kt-adv-heading3_d1cd39-d2, .wp-block-kadence-advancedheading.kt-adv-heading3_d1cd39-d2[data-kb-block=\"kb-adv-heading3_d1cd39-d2\"]{font-weight:600;font-style:normal;font-family:'Open Sans';}.wp-block-kadence-advancedheading.kt-adv-heading3_d1cd39-d2 mark.kt-highlight, .wp-block-kadence-advancedheading.kt-adv-heading3_d1cd39-d2[data-kb-block=\"kb-adv-heading3_d1cd39-d2\"] mark.kt-highlight{font-style:normal;color:#f76a0c;-webkit-box-decoration-break:clone;box-decoration-break:clone;padding-top:0px;padding-right:0px;padding-bottom:0px;padding-left:0px;}.wp-block-kadence-advancedheading.kt-adv-heading3_d1cd39-d2 img.kb-inline-image, .wp-block-kadence-advancedheading.kt-adv-heading3_d1cd39-d2[data-kb-block=\"kb-adv-heading3_d1cd39-d2\"] img.kb-inline-image{width:150px;vertical-align:baseline;}<\/style>\n<p class=\"kt-adv-heading3_d1cd39-d2 wp-block-kadence-advancedheading\" data-kb-block=\"kb-adv-heading3_d1cd39-d2\">DICAS IMPORTANTES<\/p>\n\n\n\n<p>Para que seus dados permane\u00e7am seguros, aconselhamos que voc\u00ea n\u00e3o compartilhe suas senhas com terceiros, mesmo que sejam amigos ou parentes. O Duas Formigas nunca envia e-mails pedindo seus dados pessoais (informa\u00e7\u00f5es de pagamento\/cadastro), nem solicitando downloads ou execu\u00e7\u00e3o de a\u00e7\u00f5es (abertura de arquivos com extens\u00e3o .exe, .com, .src, .bat, entre outras). Em caso de d\u00favidas, por favor, entre em contato pelo email:&nbsp;<a href=\"mailto:contato@duasformigasdesign.com.br\" target=\"_blank\" rel=\"noreferrer noopener\"><strong>contato@duasformigasdesign.com.br<\/strong><\/a>.<\/p>\n","protected":false},"excerpt":{"rendered":"<p>PRIVACIDADE \u2013 MELHORA CONT\u00cdNUA E COLETA DE DADOS (COOKIES)\u200b Utilizamos cookies para melhorar o desempenho e a sua experi\u00eancia como utilizador no nosso site. Tra\u00e7amos o seu perfil para oferecer servi\u00e7os cada vez mais personalizados para voc\u00ea. No entanto, os cookies utilizados n\u00e3o recolhem informa\u00e7\u00f5es que identifiquem o usu\u00e1rio. Os cookies recolhem informa\u00e7\u00f5es gen\u00e9ricas, designadamente&#8230;<\/p>\n","protected":false},"author":1,"featured_media":0,"parent":0,"menu_order":0,"comment_status":"closed","ping_status":"closed","template":"","meta":{"_kad_post_transparent":"","_kad_post_title":"show","_kad_post_layout":"","_kad_post_sidebar_id":"","_kad_post_content_style":"","_kad_post_vertical_padding":"","_kad_post_feature":"","_kad_post_feature_position":"","_kad_post_header":false,"_kad_post_footer":false,"_kad_post_classname":"","footnotes":""},"class_list":["post-3","page","type-page","status-publish","hentry"],"yoast_head":"<!-- This site is optimized with the Yoast SEO plugin v27.4 - https:\/\/yoast.com\/product\/yoast-seo-wordpress\/ -->\n<title>Pol\u00edtica de privacidade - Duas Formigas Design<\/title>\n<meta name=\"robots\" content=\"index, follow, max-snippet:-1, max-image-preview:large, max-video-preview:-1\" \/>\n<link rel=\"canonical\" href=\"https:\/\/duasformigasdesign.com.br\/loja\/politica-de-privacidade\/\" \/>\n<meta property=\"og:locale\" content=\"pt_BR\" \/>\n<meta property=\"og:type\" content=\"article\" \/>\n<meta property=\"og:title\" content=\"Pol\u00edtica de privacidade - Duas Formigas Design\" \/>\n<meta property=\"og:description\" content=\"PRIVACIDADE \u2013 MELHORA CONT\u00cdNUA E COLETA DE DADOS (COOKIES)\u200b Utilizamos cookies para melhorar o desempenho e a sua experi\u00eancia como utilizador no nosso site. Tra\u00e7amos o seu perfil para oferecer servi\u00e7os cada vez mais personalizados para voc\u00ea. No entanto, os cookies utilizados n\u00e3o recolhem informa\u00e7\u00f5es que identifiquem o usu\u00e1rio. Os cookies recolhem informa\u00e7\u00f5es gen\u00e9ricas, designadamente...\" \/>\n<meta property=\"og:url\" content=\"https:\/\/duasformigasdesign.com.br\/loja\/politica-de-privacidade\/\" \/>\n<meta property=\"og:site_name\" content=\"Duas Formigas Design\" \/>\n<meta property=\"article:publisher\" content=\"https:\/\/www.facebook.com\/duasformigas\" \/>\n<meta property=\"article:modified_time\" content=\"2025-11-27T01:33:39+00:00\" \/>\n<meta property=\"og:image\" content=\"https:\/\/duasformigasdesign.com.br\/loja\/wp-content\/uploads\/2025\/12\/odoya_rainha_do_mar_df.jpg\" \/>\n\t<meta property=\"og:image:width\" content=\"1023\" \/>\n\t<meta property=\"og:image:height\" content=\"1280\" \/>\n\t<meta property=\"og:image:type\" content=\"image\/jpeg\" \/>\n<meta name=\"twitter:label1\" content=\"Est. tempo de leitura\" \/>\n\t<meta name=\"twitter:data1\" content=\"2 minutos\" \/>\n<script type=\"application\/ld+json\" class=\"yoast-schema-graph\">{\"@context\":\"https:\\\/\\\/schema.org\",\"@graph\":[{\"@type\":\"WebPage\",\"@id\":\"https:\\\/\\\/duasformigasdesign.com.br\\\/loja\\\/politica-de-privacidade\\\/\",\"url\":\"https:\\\/\\\/duasformigasdesign.com.br\\\/loja\\\/politica-de-privacidade\\\/\",\"name\":\"Pol\u00edtica de privacidade - Duas Formigas Design\",\"isPartOf\":{\"@id\":\"https:\\\/\\\/duasformigasdesign.com.br\\\/loja\\\/#website\"},\"datePublished\":\"2025-11-24T16:47:55+00:00\",\"dateModified\":\"2025-11-27T01:33:39+00:00\",\"breadcrumb\":{\"@id\":\"https:\\\/\\\/duasformigasdesign.com.br\\\/loja\\\/politica-de-privacidade\\\/#breadcrumb\"},\"inLanguage\":\"pt-BR\",\"potentialAction\":[{\"@type\":\"ReadAction\",\"target\":[\"https:\\\/\\\/duasformigasdesign.com.br\\\/loja\\\/politica-de-privacidade\\\/\"]}]},{\"@type\":\"BreadcrumbList\",\"@id\":\"https:\\\/\\\/duasformigasdesign.com.br\\\/loja\\\/politica-de-privacidade\\\/#breadcrumb\",\"itemListElement\":[{\"@type\":\"ListItem\",\"position\":1,\"name\":\"In\u00edcio\",\"item\":\"https:\\\/\\\/duasformigasdesign.com.br\\\/loja\\\/\"},{\"@type\":\"ListItem\",\"position\":2,\"name\":\"Pol\u00edtica de privacidade\"}]},{\"@type\":\"WebSite\",\"@id\":\"https:\\\/\\\/duasformigasdesign.com.br\\\/loja\\\/#website\",\"url\":\"https:\\\/\\\/duasformigasdesign.com.br\\\/loja\\\/\",\"name\":\"Duas Formigas Design\",\"description\":\"Estampa criada pelo est\u00fadio Duas Formigas em homenagem a Iemanj\u00e1. Odoy\u00e1, rainha do mar! Azul profundo dos oceanos, calda de peixe, corpo de mulher. Uma representa\u00e7\u00e3o l\u00fadica e vintage inspirada no sincretismo da cultura popular brasileira\",\"publisher\":{\"@id\":\"https:\\\/\\\/duasformigasdesign.com.br\\\/loja\\\/#organization\"},\"alternateName\":\"Duas Formigas Design\",\"potentialAction\":[{\"@type\":\"SearchAction\",\"target\":{\"@type\":\"EntryPoint\",\"urlTemplate\":\"https:\\\/\\\/duasformigasdesign.com.br\\\/loja\\\/?s={search_term_string}\"},\"query-input\":{\"@type\":\"PropertyValueSpecification\",\"valueRequired\":true,\"valueName\":\"search_term_string\"}}],\"inLanguage\":\"pt-BR\"},{\"@type\":\"Organization\",\"@id\":\"https:\\\/\\\/duasformigasdesign.com.br\\\/loja\\\/#organization\",\"name\":\"Duas Formigas Design\",\"alternateName\":\"Duas Formigas Design\",\"url\":\"https:\\\/\\\/duasformigasdesign.com.br\\\/loja\\\/\",\"logo\":{\"@type\":\"ImageObject\",\"inLanguage\":\"pt-BR\",\"@id\":\"https:\\\/\\\/duasformigasdesign.com.br\\\/loja\\\/#\\\/schema\\\/logo\\\/image\\\/\",\"url\":\"https:\\\/\\\/duasformigasdesign.com.br\\\/loja\\\/wp-content\\\/uploads\\\/2025\\\/11\\\/logo_duas_formigas_2025_alt2.png\",\"contentUrl\":\"https:\\\/\\\/duasformigasdesign.com.br\\\/loja\\\/wp-content\\\/uploads\\\/2025\\\/11\\\/logo_duas_formigas_2025_alt2.png\",\"width\":1080,\"height\":157,\"caption\":\"Duas Formigas Design\"},\"image\":{\"@id\":\"https:\\\/\\\/duasformigasdesign.com.br\\\/loja\\\/#\\\/schema\\\/logo\\\/image\\\/\"},\"sameAs\":[\"https:\\\/\\\/www.facebook.com\\\/duasformigas\",\"https:\\\/\\\/www.instagram.com\\\/duas_formigas_design\"]}]}<\/script>\n<!-- \/ Yoast SEO plugin. -->","yoast_head_json":{"title":"Pol\u00edtica de privacidade - Duas Formigas Design","robots":{"index":"index","follow":"follow","max-snippet":"max-snippet:-1","max-image-preview":"max-image-preview:large","max-video-preview":"max-video-preview:-1"},"canonical":"https:\/\/duasformigasdesign.com.br\/loja\/politica-de-privacidade\/","og_locale":"pt_BR","og_type":"article","og_title":"Pol\u00edtica de privacidade - Duas Formigas Design","og_description":"PRIVACIDADE \u2013 MELHORA CONT\u00cdNUA E COLETA DE DADOS (COOKIES)\u200b Utilizamos cookies para melhorar o desempenho e a sua experi\u00eancia como utilizador no nosso site. Tra\u00e7amos o seu perfil para oferecer servi\u00e7os cada vez mais personalizados para voc\u00ea. No entanto, os cookies utilizados n\u00e3o recolhem informa\u00e7\u00f5es que identifiquem o usu\u00e1rio. Os cookies recolhem informa\u00e7\u00f5es gen\u00e9ricas, designadamente...","og_url":"https:\/\/duasformigasdesign.com.br\/loja\/politica-de-privacidade\/","og_site_name":"Duas Formigas Design","article_publisher":"https:\/\/www.facebook.com\/duasformigas","article_modified_time":"2025-11-27T01:33:39+00:00","og_image":[{"width":1023,"height":1280,"url":"https:\/\/duasformigasdesign.com.br\/loja\/wp-content\/uploads\/2025\/12\/odoya_rainha_do_mar_df.jpg","type":"image\/jpeg"}],"twitter_misc":{"Est. tempo de leitura":"2 minutos"},"schema":{"@context":"https:\/\/schema.org","@graph":[{"@type":"WebPage","@id":"https:\/\/duasformigasdesign.com.br\/loja\/politica-de-privacidade\/","url":"https:\/\/duasformigasdesign.com.br\/loja\/politica-de-privacidade\/","name":"Pol\u00edtica de privacidade - Duas Formigas Design","isPartOf":{"@id":"https:\/\/duasformigasdesign.com.br\/loja\/#website"},"datePublished":"2025-11-24T16:47:55+00:00","dateModified":"2025-11-27T01:33:39+00:00","breadcrumb":{"@id":"https:\/\/duasformigasdesign.com.br\/loja\/politica-de-privacidade\/#breadcrumb"},"inLanguage":"pt-BR","potentialAction":[{"@type":"ReadAction","target":["https:\/\/duasformigasdesign.com.br\/loja\/politica-de-privacidade\/"]}]},{"@type":"BreadcrumbList","@id":"https:\/\/duasformigasdesign.com.br\/loja\/politica-de-privacidade\/#breadcrumb","itemListElement":[{"@type":"ListItem","position":1,"name":"In\u00edcio","item":"https:\/\/duasformigasdesign.com.br\/loja\/"},{"@type":"ListItem","position":2,"name":"Pol\u00edtica de privacidade"}]},{"@type":"WebSite","@id":"https:\/\/duasformigasdesign.com.br\/loja\/#website","url":"https:\/\/duasformigasdesign.com.br\/loja\/","name":"Duas Formigas Design","description":"Estampa criada pelo est\u00fadio Duas Formigas em homenagem a Iemanj\u00e1. Odoy\u00e1, rainha do mar! Azul profundo dos oceanos, calda de peixe, corpo de mulher. Uma representa\u00e7\u00e3o l\u00fadica e vintage inspirada no sincretismo da cultura popular brasileira","publisher":{"@id":"https:\/\/duasformigasdesign.com.br\/loja\/#organization"},"alternateName":"Duas Formigas Design","potentialAction":[{"@type":"SearchAction","target":{"@type":"EntryPoint","urlTemplate":"https:\/\/duasformigasdesign.com.br\/loja\/?s={search_term_string}"},"query-input":{"@type":"PropertyValueSpecification","valueRequired":true,"valueName":"search_term_string"}}],"inLanguage":"pt-BR"},{"@type":"Organization","@id":"https:\/\/duasformigasdesign.com.br\/loja\/#organization","name":"Duas Formigas Design","alternateName":"Duas Formigas Design","url":"https:\/\/duasformigasdesign.com.br\/loja\/","logo":{"@type":"ImageObject","inLanguage":"pt-BR","@id":"https:\/\/duasformigasdesign.com.br\/loja\/#\/schema\/logo\/image\/","url":"https:\/\/duasformigasdesign.com.br\/loja\/wp-content\/uploads\/2025\/11\/logo_duas_formigas_2025_alt2.png","contentUrl":"https:\/\/duasformigasdesign.com.br\/loja\/wp-content\/uploads\/2025\/11\/logo_duas_formigas_2025_alt2.png","width":1080,"height":157,"caption":"Duas Formigas Design"},"image":{"@id":"https:\/\/duasformigasdesign.com.br\/loja\/#\/schema\/logo\/image\/"},"sameAs":["https:\/\/www.facebook.com\/duasformigas","https:\/\/www.instagram.com\/duas_formigas_design"]}]}},"_links":{"self":[{"href":"https:\/\/duasformigasdesign.com.br\/loja\/wp-json\/wp\/v2\/pages\/3","targetHints":{"allow":["GET"]}}],"collection":[{"href":"https:\/\/duasformigasdesign.com.br\/loja\/wp-json\/wp\/v2\/pages"}],"about":[{"href":"https:\/\/duasformigasdesign.com.br\/loja\/wp-json\/wp\/v2\/types\/page"}],"author":[{"embeddable":true,"href":"https:\/\/duasformigasdesign.com.br\/loja\/wp-json\/wp\/v2\/users\/1"}],"replies":[{"embeddable":true,"href":"https:\/\/duasformigasdesign.com.br\/loja\/wp-json\/wp\/v2\/comments?post=3"}],"version-history":[{"count":13,"href":"https:\/\/duasformigasdesign.com.br\/loja\/wp-json\/wp\/v2\/pages\/3\/revisions"}],"predecessor-version":[{"id":272,"href":"https:\/\/duasformigasdesign.com.br\/loja\/wp-json\/wp\/v2\/pages\/3\/revisions\/272"}],"wp:attachment":[{"href":"https:\/\/duasformigasdesign.com.br\/loja\/wp-json\/wp\/v2\/media?parent=3"}],"curies":[{"name":"wp","href":"https:\/\/api.w.org\/{rel}","templated":true}]}}