{"id":11,"date":"2025-11-25T10:09:50","date_gmt":"2025-11-25T13:09:50","guid":{"rendered":"https:\/\/duasformigasdesign.com.br\/loja\/?page_id=11"},"modified":"2025-11-27T15:42:43","modified_gmt":"2025-11-27T18:42:43","slug":"trocas_devolucoes","status":"publish","type":"page","link":"https:\/\/duasformigasdesign.com.br\/loja\/trocas_devolucoes\/","title":{"rendered":"Trocas e devolu\u00e7\u00f5es"},"content":{"rendered":"\n<p>Sabemos que a compra online pode gerar muita inseguran\u00e7a, por isso queremos deixar esse processo transparente e \u00e1gil.<\/p>\n\n\n\n<p>POL\u00cdTICA DE TROCA<\/p>\n\n\n\n<p>Antes de tudo, nossa produ\u00e7\u00e3o \u00e9 pequena e com poucas pe\u00e7as de cada tamanho. Assim, no caso de troca por outra numera\u00e7\u00e3o, se o tamanho desejado estiver sem estoque, o estorno ser\u00e1 feito de acordo com nossa <a href=\"#politica-de-devolucao\"><strong>Pol\u00edtica de devolu\u00e7\u00e3o<\/strong><\/a>.<\/p>\n\n\n\n<p><strong>A primeira troca \u00e9 gratuita<\/strong>&nbsp;e deve ser realizada em no m\u00e1ximo 30 (trinta) corridos dias corridos a partir da data de recebimento do produto. Para devolu\u00e7\u00f5es por desist\u00eancia, o prazo \u00e9 de 7 (sete) dias corridos ap\u00f3s o recebimento.&nbsp;<\/p>\n\n\n\n<p>IMPORTANTE: \u00c9 necess\u00e1rio que as pe\u00e7as estejam com a nota fiscal de compra, etiqueta afixada e sem qualquer ind\u00edcio de uso ou lavagem para que a troca ou devolu\u00e7\u00e3o seja realizada.<br>\u200b<br>Para solicitar uma troca ou devolu\u00e7\u00e3o \u00e9 s\u00f3 entrar em contato conosco por e-mail (<a href=\"mailto:contato@duasformigasdesign.com.br\" target=\"_blank\" rel=\"noreferrer noopener nofollow\">contato@duasformigasdesign.com.br<\/a>), dentro do prazo, informando seu nome, CPF ou n\u00famero do pedido, telefone e rela\u00e7\u00e3o do produto a ser trocado. Ap\u00f3s aprovada a troca, um c\u00f3digo de postagem dos Correios ser\u00e1 enviado ao seu e-mail. Os c\u00f3digos podem ser utilizados para postagem do produto em qualquer ag\u00eancia dos Correios no prazo de 7 dias.\u00a0<strong>Os envios s\u00e3o feitos por PAC e o custo da primeira troca \u00e9 por nossa conta.<\/strong> Se houver necessidade de uma segunda troca de um mesmo pedido, o cliente deve arcar com os custos do frete para reenvio da pe\u00e7a.<\/p>\n\n\n\n<p>Ap\u00f3s o recebimento dos produtos de devolu\u00e7\u00e3o, avaliamos se a pe\u00e7a preenche os requisitos da nossa Pol\u00edtica de Troca e Devolu\u00e7\u00e3o. Aprovada, no prazo de at\u00e9 7 dias voc\u00ea receber\u00e1 o reembolso da mesma forma de pagamento quando efetuada a compra, ou em caso de troca, o Vale Troca para realizar uma nova compra na loja online. Todas as informa\u00e7\u00f5es referente ao comprovante de estorno, bem como o c\u00f3digo do vale troca, ser\u00e3o encaminhados por e-mail.<\/p>\n\n\n\n<p id=\"politica-de-devolucao\">POL\u00cdTICA DE DEVOLU\u00c7\u00c3O<\/p>\n\n\n\n<p>Ao devolver seu produto, confira as regras descritas seguintes:&nbsp;<\/p>\n\n\n\n<p>DEVOLU\u00c7\u00c3O POR ARREPENDIMENTO<\/p>\n\n\n\n<p>Caso voc\u00ea n\u00e3o fique satisfeita com sua pe\u00e7a, o prazo para solicitar o cancelamento e estorno \u00e9 de at\u00e9 7 ( sete) dias corridos ap\u00f3s o recebimento do produto. O custo do frete de devolu\u00e7\u00e3o \u00e9 por nossa conta. O valor a ser estornado ser\u00e1 restitu\u00eddo de acordo com descri\u00e7\u00e3o na Nota Fiscal, na mesma forma de pagamento quando efetuada a compra.\u00a0 \u00a0<\/p>\n\n\n\n<p>DEVOLU\u00c7\u00c3O POR DEFEITO<\/p>\n\n\n\n<p>Nossa produ\u00e7\u00e3o \u00e9 pequena, confeccionada com todo o carinho, cuidado e aten\u00e7\u00e3o aos detalhes, acabamentos e qualidade de cada pe\u00e7a. Todas as pe\u00e7as s\u00e3o conferidas ao enviar, mas sabemos que defeitos podem ocorrer. Se sua pe\u00e7a chegou com algum defeito, \u00e9 de seu direito solicitar a troca ou devolu\u00e7\u00e3o do produto no prazo de 7 ( sete) dias corridos, contados a partir do recebimento. O custo do frete de devolu\u00e7\u00e3o \u00e9 por nossa conta.&nbsp;<\/p>\n\n\n\n<p>DEVOLU\u00c7\u00c3O DOS CORREIOS<\/p>\n\n\n\n<p>Caso o pedido seja devolvido pelos Correios com status de \u201cendere\u00e7o inv\u00e1lido\u201d, \u201cdestinat\u00e1rio desconhecido\u201d, \u201cmudou-se\u201d, \u201cpropriet\u00e1rio n\u00e3o encontrado\u201d ou situa\u00e7\u00e3o semelhante, os custos com postagem de reenvio do produto ser\u00e3o por conta do cliente.<\/p>\n\n\n\n<p>LEMBRETES EM CASO DE DEVOLU\u00c7\u00c3O<\/p>\n\n\n\n<p>Os produtos N\u00c3O podem ter sido lavados e\/ou apresentarem ind\u00edcios de uso, como, por exemplo, odores, manchas, ranhuras e ajustes de costura. Produtos alterados pelo cliente n\u00e3o ser\u00e3o trocados ou devolvidos em nenhuma hip\u00f3tese.<\/p>\n\n\n\n<p>Caso a gente entenda que o produto devolvido n\u00e3o se enquadra nos crit\u00e9rios acima, o site fica dispensado de aceitar a devolu\u00e7\u00e3o ou fazer a troca ou aceitar a devolu\u00e7\u00e3o. O Duas Formigas pode, ent\u00e3o, reenviar o produto ao cliente sem consulta pr\u00e9via, acompanhado da justificativa do motivo da recusa.\u00a0<\/p>\n\n\n\n<p>PEDIDO CONSTA COMO ENTREGUE MAS N\u00c3O RECEBEU?<\/p>\n\n\n\n<p>Se ao verificar o c\u00f3digo de rastreio no site dos Correios consta como \u201centregue\u201d, mas voc\u00ea n\u00e3o recebeu o pedido, recomendamos antes mesmo de entrar em contato com nossa equipe, que por gentileza verifique na sua portaria, endere\u00e7o comercial ou em casa se outra pessoa n\u00e3o recebeu o pedido. Caso a resposta seja negativa, favor entrar em contato para verificarmos com os Correios a identifica\u00e7\u00e3o da pessoa que assinou o recebimento do produto e prosseguir com o atendimento.&nbsp;<\/p>\n\n\n\n<p>PRAZO PARA REEMBOLSOS<\/p>\n\n\n\n<p><strong>Ap\u00f3s averiguarmos se os produtos recebidos preenchem os crit\u00e9rios da Pol\u00edtica de Troca e Devolu\u00e7\u00e3o, em at\u00e9 7 dias \u00fateis voc\u00ea receber\u00e1 o reembolso.&nbsp;<\/strong><\/p>\n\n\n\n<p>O valor do produto adquirido ser\u00e1 devolvido na mesma forma de pagamento quando efetuada a compra. Caso voc\u00ea tenha obtido desconto em sua compra, o estorno do valor ser\u00e1 pago considerando o desconto.<\/p>\n\n\n\n<p><strong>Pagamento via Cart\u00e3o de Cr\u00e9dito<\/strong>: ser\u00e1 efetuado o estorno\/cancelamento total ou parcial da transa\u00e7\u00e3o junto \u00e0 administradora do cart\u00e3o de cr\u00e9dito. O valor poder\u00e1 ser creditado em at\u00e9 duas faturas do seu cart\u00e3o de cr\u00e9dito. A visualiza\u00e7\u00e3o depende da data de fechamento da fatura, assim como de procedimentos internos de cada operadora de cart\u00e3o.<\/p>\n\n\n\n<p><strong>Pagamento via PIX<\/strong>: o reembolso ser\u00e1 feito apenas na conta corrente do titular do pedido e em at\u00e9 7 dias \u00fateis ap\u00f3s a conclus\u00e3o da devolu\u00e7\u00e3o.&nbsp;<br><br><strong><a href=\"http:\/\/www.planalto.gov.br\/ccivil_03\/Leis\/L8078compilado.htm\">Conhe\u00e7a o C\u00f3digo de Defesa do Consumidor aqui!<\/a><\/strong><\/p>\n","protected":false},"excerpt":{"rendered":"<p>Sabemos que a compra online pode gerar muita inseguran\u00e7a, por isso queremos deixar esse processo transparente e \u00e1gil. POL\u00cdTICA DE TROCA Antes de tudo, nossa produ\u00e7\u00e3o \u00e9 pequena e com poucas pe\u00e7as de cada tamanho. Assim, no caso de troca por outra numera\u00e7\u00e3o, se o tamanho desejado estiver sem estoque, o estorno ser\u00e1 feito de&#8230;<\/p>\n","protected":false},"author":1,"featured_media":0,"parent":0,"menu_order":0,"comment_status":"closed","ping_status":"closed","template":"","meta":{"_kad_post_transparent":"","_kad_post_title":"show","_kad_post_layout":"","_kad_post_sidebar_id":"","_kad_post_content_style":"","_kad_post_vertical_padding":"","_kad_post_feature":"","_kad_post_feature_position":"","_kad_post_header":false,"_kad_post_footer":false,"_kad_post_classname":"","footnotes":""},"class_list":["post-11","page","type-page","status-publish","hentry"],"yoast_head":"<!-- This site is optimized with the Yoast SEO plugin v27.4 - https:\/\/yoast.com\/product\/yoast-seo-wordpress\/ -->\n<title>Trocas e devolu\u00e7\u00f5es - Duas Formigas Design<\/title>\n<meta name=\"robots\" content=\"index, follow, max-snippet:-1, max-image-preview:large, max-video-preview:-1\" \/>\n<link rel=\"canonical\" href=\"https:\/\/duasformigasdesign.com.br\/loja\/trocas_devolucoes\/\" \/>\n<meta property=\"og:locale\" content=\"pt_BR\" \/>\n<meta property=\"og:type\" content=\"article\" \/>\n<meta property=\"og:title\" content=\"Trocas e devolu\u00e7\u00f5es - Duas Formigas Design\" \/>\n<meta property=\"og:description\" content=\"Sabemos que a compra online pode gerar muita inseguran\u00e7a, por isso queremos deixar esse processo transparente e \u00e1gil. POL\u00cdTICA DE TROCA Antes de tudo, nossa produ\u00e7\u00e3o \u00e9 pequena e com poucas pe\u00e7as de cada tamanho. Assim, no caso de troca por outra numera\u00e7\u00e3o, se o tamanho desejado estiver sem estoque, o estorno ser\u00e1 feito de...\" \/>\n<meta property=\"og:url\" content=\"https:\/\/duasformigasdesign.com.br\/loja\/trocas_devolucoes\/\" \/>\n<meta property=\"og:site_name\" content=\"Duas Formigas Design\" \/>\n<meta property=\"article:publisher\" content=\"https:\/\/www.facebook.com\/duasformigas\" \/>\n<meta property=\"article:modified_time\" content=\"2025-11-27T18:42:43+00:00\" \/>\n<meta property=\"og:image\" content=\"https:\/\/duasformigasdesign.com.br\/loja\/wp-content\/uploads\/2025\/12\/odoya_rainha_do_mar_df.jpg\" \/>\n\t<meta property=\"og:image:width\" content=\"1023\" \/>\n\t<meta property=\"og:image:height\" content=\"1280\" \/>\n\t<meta property=\"og:image:type\" content=\"image\/jpeg\" \/>\n<meta name=\"twitter:label1\" content=\"Est. tempo de leitura\" \/>\n\t<meta name=\"twitter:data1\" content=\"5 minutos\" \/>\n<script type=\"application\/ld+json\" class=\"yoast-schema-graph\">{\"@context\":\"https:\\\/\\\/schema.org\",\"@graph\":[{\"@type\":\"WebPage\",\"@id\":\"https:\\\/\\\/duasformigasdesign.com.br\\\/loja\\\/trocas_devolucoes\\\/\",\"url\":\"https:\\\/\\\/duasformigasdesign.com.br\\\/loja\\\/trocas_devolucoes\\\/\",\"name\":\"Trocas e devolu\u00e7\u00f5es - Duas Formigas Design\",\"isPartOf\":{\"@id\":\"https:\\\/\\\/duasformigasdesign.com.br\\\/loja\\\/#website\"},\"datePublished\":\"2025-11-25T13:09:50+00:00\",\"dateModified\":\"2025-11-27T18:42:43+00:00\",\"breadcrumb\":{\"@id\":\"https:\\\/\\\/duasformigasdesign.com.br\\\/loja\\\/trocas_devolucoes\\\/#breadcrumb\"},\"inLanguage\":\"pt-BR\",\"potentialAction\":[{\"@type\":\"ReadAction\",\"target\":[\"https:\\\/\\\/duasformigasdesign.com.br\\\/loja\\\/trocas_devolucoes\\\/\"]}]},{\"@type\":\"BreadcrumbList\",\"@id\":\"https:\\\/\\\/duasformigasdesign.com.br\\\/loja\\\/trocas_devolucoes\\\/#breadcrumb\",\"itemListElement\":[{\"@type\":\"ListItem\",\"position\":1,\"name\":\"In\u00edcio\",\"item\":\"https:\\\/\\\/duasformigasdesign.com.br\\\/loja\\\/\"},{\"@type\":\"ListItem\",\"position\":2,\"name\":\"Trocas e devolu\u00e7\u00f5es\"}]},{\"@type\":\"WebSite\",\"@id\":\"https:\\\/\\\/duasformigasdesign.com.br\\\/loja\\\/#website\",\"url\":\"https:\\\/\\\/duasformigasdesign.com.br\\\/loja\\\/\",\"name\":\"Duas Formigas Design\",\"description\":\"Estampa criada pelo est\u00fadio Duas Formigas em homenagem a Iemanj\u00e1. Odoy\u00e1, rainha do mar! Azul profundo dos oceanos, calda de peixe, corpo de mulher. Uma representa\u00e7\u00e3o l\u00fadica e vintage inspirada no sincretismo da cultura popular brasileira\",\"publisher\":{\"@id\":\"https:\\\/\\\/duasformigasdesign.com.br\\\/loja\\\/#organization\"},\"alternateName\":\"Duas Formigas Design\",\"potentialAction\":[{\"@type\":\"SearchAction\",\"target\":{\"@type\":\"EntryPoint\",\"urlTemplate\":\"https:\\\/\\\/duasformigasdesign.com.br\\\/loja\\\/?s={search_term_string}\"},\"query-input\":{\"@type\":\"PropertyValueSpecification\",\"valueRequired\":true,\"valueName\":\"search_term_string\"}}],\"inLanguage\":\"pt-BR\"},{\"@type\":\"Organization\",\"@id\":\"https:\\\/\\\/duasformigasdesign.com.br\\\/loja\\\/#organization\",\"name\":\"Duas Formigas Design\",\"alternateName\":\"Duas Formigas Design\",\"url\":\"https:\\\/\\\/duasformigasdesign.com.br\\\/loja\\\/\",\"logo\":{\"@type\":\"ImageObject\",\"inLanguage\":\"pt-BR\",\"@id\":\"https:\\\/\\\/duasformigasdesign.com.br\\\/loja\\\/#\\\/schema\\\/logo\\\/image\\\/\",\"url\":\"https:\\\/\\\/duasformigasdesign.com.br\\\/loja\\\/wp-content\\\/uploads\\\/2025\\\/11\\\/logo_duas_formigas_2025_alt2.png\",\"contentUrl\":\"https:\\\/\\\/duasformigasdesign.com.br\\\/loja\\\/wp-content\\\/uploads\\\/2025\\\/11\\\/logo_duas_formigas_2025_alt2.png\",\"width\":1080,\"height\":157,\"caption\":\"Duas Formigas Design\"},\"image\":{\"@id\":\"https:\\\/\\\/duasformigasdesign.com.br\\\/loja\\\/#\\\/schema\\\/logo\\\/image\\\/\"},\"sameAs\":[\"https:\\\/\\\/www.facebook.com\\\/duasformigas\",\"https:\\\/\\\/www.instagram.com\\\/duas_formigas_design\"]}]}<\/script>\n<!-- \/ Yoast SEO plugin. -->","yoast_head_json":{"title":"Trocas e devolu\u00e7\u00f5es - Duas Formigas Design","robots":{"index":"index","follow":"follow","max-snippet":"max-snippet:-1","max-image-preview":"max-image-preview:large","max-video-preview":"max-video-preview:-1"},"canonical":"https:\/\/duasformigasdesign.com.br\/loja\/trocas_devolucoes\/","og_locale":"pt_BR","og_type":"article","og_title":"Trocas e devolu\u00e7\u00f5es - Duas Formigas Design","og_description":"Sabemos que a compra online pode gerar muita inseguran\u00e7a, por isso queremos deixar esse processo transparente e \u00e1gil. POL\u00cdTICA DE TROCA Antes de tudo, nossa produ\u00e7\u00e3o \u00e9 pequena e com poucas pe\u00e7as de cada tamanho. Assim, no caso de troca por outra numera\u00e7\u00e3o, se o tamanho desejado estiver sem estoque, o estorno ser\u00e1 feito de...","og_url":"https:\/\/duasformigasdesign.com.br\/loja\/trocas_devolucoes\/","og_site_name":"Duas Formigas Design","article_publisher":"https:\/\/www.facebook.com\/duasformigas","article_modified_time":"2025-11-27T18:42:43+00:00","og_image":[{"width":1023,"height":1280,"url":"https:\/\/duasformigasdesign.com.br\/loja\/wp-content\/uploads\/2025\/12\/odoya_rainha_do_mar_df.jpg","type":"image\/jpeg"}],"twitter_misc":{"Est. tempo de leitura":"5 minutos"},"schema":{"@context":"https:\/\/schema.org","@graph":[{"@type":"WebPage","@id":"https:\/\/duasformigasdesign.com.br\/loja\/trocas_devolucoes\/","url":"https:\/\/duasformigasdesign.com.br\/loja\/trocas_devolucoes\/","name":"Trocas e devolu\u00e7\u00f5es - Duas Formigas Design","isPartOf":{"@id":"https:\/\/duasformigasdesign.com.br\/loja\/#website"},"datePublished":"2025-11-25T13:09:50+00:00","dateModified":"2025-11-27T18:42:43+00:00","breadcrumb":{"@id":"https:\/\/duasformigasdesign.com.br\/loja\/trocas_devolucoes\/#breadcrumb"},"inLanguage":"pt-BR","potentialAction":[{"@type":"ReadAction","target":["https:\/\/duasformigasdesign.com.br\/loja\/trocas_devolucoes\/"]}]},{"@type":"BreadcrumbList","@id":"https:\/\/duasformigasdesign.com.br\/loja\/trocas_devolucoes\/#breadcrumb","itemListElement":[{"@type":"ListItem","position":1,"name":"In\u00edcio","item":"https:\/\/duasformigasdesign.com.br\/loja\/"},{"@type":"ListItem","position":2,"name":"Trocas e devolu\u00e7\u00f5es"}]},{"@type":"WebSite","@id":"https:\/\/duasformigasdesign.com.br\/loja\/#website","url":"https:\/\/duasformigasdesign.com.br\/loja\/","name":"Duas Formigas Design","description":"Estampa criada pelo est\u00fadio Duas Formigas em homenagem a Iemanj\u00e1. Odoy\u00e1, rainha do mar! Azul profundo dos oceanos, calda de peixe, corpo de mulher. Uma representa\u00e7\u00e3o l\u00fadica e vintage inspirada no sincretismo da cultura popular brasileira","publisher":{"@id":"https:\/\/duasformigasdesign.com.br\/loja\/#organization"},"alternateName":"Duas Formigas Design","potentialAction":[{"@type":"SearchAction","target":{"@type":"EntryPoint","urlTemplate":"https:\/\/duasformigasdesign.com.br\/loja\/?s={search_term_string}"},"query-input":{"@type":"PropertyValueSpecification","valueRequired":true,"valueName":"search_term_string"}}],"inLanguage":"pt-BR"},{"@type":"Organization","@id":"https:\/\/duasformigasdesign.com.br\/loja\/#organization","name":"Duas Formigas Design","alternateName":"Duas Formigas Design","url":"https:\/\/duasformigasdesign.com.br\/loja\/","logo":{"@type":"ImageObject","inLanguage":"pt-BR","@id":"https:\/\/duasformigasdesign.com.br\/loja\/#\/schema\/logo\/image\/","url":"https:\/\/duasformigasdesign.com.br\/loja\/wp-content\/uploads\/2025\/11\/logo_duas_formigas_2025_alt2.png","contentUrl":"https:\/\/duasformigasdesign.com.br\/loja\/wp-content\/uploads\/2025\/11\/logo_duas_formigas_2025_alt2.png","width":1080,"height":157,"caption":"Duas Formigas Design"},"image":{"@id":"https:\/\/duasformigasdesign.com.br\/loja\/#\/schema\/logo\/image\/"},"sameAs":["https:\/\/www.facebook.com\/duasformigas","https:\/\/www.instagram.com\/duas_formigas_design"]}]}},"_links":{"self":[{"href":"https:\/\/duasformigasdesign.com.br\/loja\/wp-json\/wp\/v2\/pages\/11","targetHints":{"allow":["GET"]}}],"collection":[{"href":"https:\/\/duasformigasdesign.com.br\/loja\/wp-json\/wp\/v2\/pages"}],"about":[{"href":"https:\/\/duasformigasdesign.com.br\/loja\/wp-json\/wp\/v2\/types\/page"}],"author":[{"embeddable":true,"href":"https:\/\/duasformigasdesign.com.br\/loja\/wp-json\/wp\/v2\/users\/1"}],"replies":[{"embeddable":true,"href":"https:\/\/duasformigasdesign.com.br\/loja\/wp-json\/wp\/v2\/comments?post=11"}],"version-history":[{"count":8,"href":"https:\/\/duasformigasdesign.com.br\/loja\/wp-json\/wp\/v2\/pages\/11\/revisions"}],"predecessor-version":[{"id":289,"href":"https:\/\/duasformigasdesign.com.br\/loja\/wp-json\/wp\/v2\/pages\/11\/revisions\/289"}],"wp:attachment":[{"href":"https:\/\/duasformigasdesign.com.br\/loja\/wp-json\/wp\/v2\/media?parent=11"}],"curies":[{"name":"wp","href":"https:\/\/api.w.org\/{rel}","templated":true}]}}